{"id":2658,"date":"2020-05-12T13:50:52","date_gmt":"2020-05-12T12:50:52","guid":{"rendered":"http:\/\/mortensen.cat\/politica-de-privacidad\/"},"modified":"2020-05-15T17:23:49","modified_gmt":"2020-05-15T16:23:49","slug":"privacy-policy","status":"publish","type":"page","link":"https:\/\/mortensen.cat\/en\/privacy-policy\/","title":{"rendered":"Privacy policy"},"content":{"rendered":"<p>&nbsp;<\/p>\n<h4><strong>INFORMACI\u00d3 B\u00c0SICA SOBRE PROTECCI\u00d3 DE DADES<\/strong><\/h4>\n<p>&nbsp;<\/p>\n<h5>Responsable del tractament<\/h5>\n<p>We are Mortensen SL (en endavant Mortensen)<\/p>\n<h5>Finalitat<\/h5>\n<ul>\n<li>Gesti\u00f3 de la web<\/li>\n<li>Enviament de comunicacions comercials i promocionals<\/li>\n<li>Elaboraci\u00f3 de perfils<\/li>\n<\/ul>\n<h5>Legitimaci\u00f3<\/h5>\n<p>Consentiment de l\u2019interessat, a excepci\u00f3 de determinats sup\u00f2sits en els quals existeixi inter\u00e8s leg\u00edtim.<\/p>\n<h5>Destinataris<\/h5>\n<p>Les seves dades seran tractades exclusivament per Mortensen, a excepci\u00f3 d\u2019aquells casos en els quals la comunicaci\u00f3 de les seves dades a tercers sigui necess\u00e0ria per poder emplenar la finalitat directament relacionada amb l\u2019organitzaci\u00f3.<\/p>\n<h5>Conservaci\u00f3 de les dades<\/h5>\n<p>Fins que existeixi obligaci\u00f3 legal<\/p>\n<h5>Drets<\/h5>\n<ul>\n<li>Accedir, rectificar i suprimir les dades, aix\u00ed com altres drets, com s\u2019explica en la informaci\u00f3 addicional.<\/li>\n<li>Presentar una reclamaci\u00f3 davant l\u2019Autoritat de Control (<a href=\"http:\/\/www.agpd.es\" target=\"_blank\" rel=\"noopener noreferrer\">www.agpd.es<\/a>).<\/li>\n<\/ul>\n<p>&nbsp;<\/p>\n<h4>INFORMACI\u00d3 ADDICIONAL SOBRE PROTECCI\u00d3 DE DADES<\/h4>\n<p>&nbsp;<\/p>\n<h5>Qui \u00e9s el responsable de tractament de les teves dades?<\/h5>\n<p><strong>Identitat<\/strong>: We are Mortensen SL<br \/>\n<strong>NIF<\/strong>: B64858962<br \/>\n<strong>Adre\u00e7a postal<\/strong>: Carrer de Torres i Amat 21, 3a planta &#8211; Barcelona 08001<br \/>\n<strong>e-mail<\/strong>: hola@mortensen.cat<\/p>\n<h5>Amb quina finalitat tractem les teves dades?<\/h5>\n<ul>\n<li>Gesti\u00f3 de la web<\/li>\n<li>Enviament de comunicacions promocionals<\/li>\n<li>Elaboraci\u00f3 de perfils.<\/li>\n<\/ul>\n<h5>Quina \u00e9s la legitimaci\u00f3 del tractament de les teves dades?<\/h5>\n<p>Consentiment de l\u2019interessat, a excepci\u00f3 de determinats sup\u00f2sits en els quals existeixi inter\u00e8s leg\u00edtim.<\/p>\n<h5>A quins destinataris comuniquem les teves dades?<\/h5>\n<p>Les seves dades seran tractades exclusivament per Mortensen amb la seg\u00fcent excepci\u00f3: les dades que ens proporcioni podran ser comunicades a terceres entitats per al compliment de finalitats directament relacionades amb Mortensen aix\u00ed com a les entitats o organismes amb els quals existeixi obligaci\u00f3 legal de cessi\u00f3. No es produiran transfer\u00e8ncies a tercers pa\u00efsos fora de la Uni\u00f3 Europea sense que intervingui el seu consentiment.<\/p>\n<h5>Quant temps conservem les seves dades personals?<\/h5>\n<p>Les dades personals que ens faciliti es conservaran mentre hi hagi un inter\u00e8s mutu per mantenir la finalitat del tractament, o quan sigui necessari conservar-les per ra\u00f3 d\u2019obligacions legals.\u00a0 Quan la conservaci\u00f3 ja no sigui necess\u00e0ria, se suprimiran amb les mesures de Seguretat adequades per garantir la seudonimitzaci\u00f3 de les dades o la seva destrucci\u00f3 total.<\/p>\n<h5>Quins s\u00f3n els seus drets quan ens facilita les seves dades personals?<\/h5>\n<ul>\n<li>Dret a retirar el consentiment en qualsevol moment<\/li>\n<li>Dret a accedir, rectificar i suprimir les dades;<\/li>\n<li>Dret de limitaci\u00f3 de l\u2019\u00fas o oposici\u00f3 del tractament de dades;<\/li>\n<li>Dret a presentar una reclamaci\u00f3 davant l\u2019Autoritat de Control (www.agpd.es), si considera que el tractament no s\u2019ajusta a la normativa vigent.<\/li>\n<\/ul>\n<p>Descarregui tots els models d\u2019exercici de drets <a href=\"http:\/\/mortensen.cat\/wp-content\/uploads\/2020\/05\/Model-exercici-de-drets.pdf\" target=\"_blank\" rel=\"noopener noreferrer\">aqu\u00ed<\/a>.<\/p>\n<p>Envi\u00efn el q\u00fcestionari a la seg\u00fcent adre\u00e7a de correu: <a href=\"mailto:hola@mortensen.cat\" target=\"_blank\" rel=\"noopener noreferrer\">hola@mortensen.cat<\/a><\/p>\n","protected":false},"excerpt":{"rendered":"<p>&nbsp; INFORMACI\u00d3 B\u00c0SICA SOBRE PROTECCI\u00d3 DE DADES &nbsp; Responsable del tractament We are Mortensen SL (en endavant Mortensen) Finalitat Gesti\u00f3 de la web Enviament de comunicacions comercials i promocionals Elaboraci\u00f3 de perfils Legitimaci\u00f3 Consentiment de l\u2019interessat, a excepci\u00f3 de determinats sup\u00f2sits en els quals existeixi inter\u00e8s leg\u00edtim. Destinataris Les seves dades seran tractades exclusivament per &hellip; <a href=\"https:\/\/mortensen.cat\/en\/privacy-policy\/\">Continued<\/a><\/p>\n","protected":false},"author":2,"featured_media":0,"parent":0,"menu_order":0,"comment_status":"closed","ping_status":"closed","template":"","meta":{"_acf_changed":false,"footnotes":""},"class_list":["post-2658","page","type-page","status-publish","hentry"],"acf":[],"yoast_head":"<!-- This site is optimized with the Yoast SEO plugin v27.4 - https:\/\/yoast.com\/product\/yoast-seo-wordpress\/ -->\n<title>Privacy policy - Mortensen<\/title>\n<meta name=\"robots\" content=\"index, follow, max-snippet:-1, max-image-preview:large, max-video-preview:-1\" \/>\n<link rel=\"canonical\" href=\"https:\/\/mortensen.cat\/en\/privacy-policy\/\" \/>\n<meta property=\"og:locale\" content=\"en_US\" \/>\n<meta property=\"og:type\" content=\"article\" \/>\n<meta property=\"og:title\" content=\"Privacy policy - Mortensen\" \/>\n<meta property=\"og:description\" content=\"&nbsp; INFORMACI\u00d3 B\u00c0SICA SOBRE PROTECCI\u00d3 DE DADES &nbsp; Responsable del tractament We are Mortensen SL (en endavant Mortensen) Finalitat Gesti\u00f3 de la web Enviament de comunicacions comercials i promocionals Elaboraci\u00f3 de perfils Legitimaci\u00f3 Consentiment de l\u2019interessat, a excepci\u00f3 de determinats sup\u00f2sits en els quals existeixi inter\u00e8s leg\u00edtim. Destinataris Les seves dades seran tractades exclusivament per &hellip; Continued\" \/>\n<meta property=\"og:url\" content=\"https:\/\/mortensen.cat\/en\/privacy-policy\/\" \/>\n<meta property=\"og:site_name\" content=\"Mortensen\" \/>\n<meta property=\"article:publisher\" content=\"https:\/\/www.facebook.com\/wearemortensen\" \/>\n<meta property=\"article:modified_time\" content=\"2020-05-15T16:23:49+00:00\" \/>\n<meta name=\"twitter:card\" content=\"summary_large_image\" \/>\n<meta name=\"twitter:site\" content=\"@Mortensen\" \/>\n<meta name=\"twitter:label1\" content=\"Est. reading time\" \/>\n\t<meta name=\"twitter:data1\" content=\"2 minutes\" \/>\n<script type=\"application\/ld+json\" class=\"yoast-schema-graph\">{\"@context\":\"https:\\\/\\\/schema.org\",\"@graph\":[{\"@type\":\"WebPage\",\"@id\":\"https:\\\/\\\/mortensen.cat\\\/en\\\/privacy-policy\\\/\",\"url\":\"https:\\\/\\\/mortensen.cat\\\/en\\\/privacy-policy\\\/\",\"name\":\"Privacy policy - Mortensen\",\"isPartOf\":{\"@id\":\"https:\\\/\\\/mortensen.cat\\\/#website\"},\"datePublished\":\"2020-05-12T12:50:52+00:00\",\"dateModified\":\"2020-05-15T16:23:49+00:00\",\"breadcrumb\":{\"@id\":\"https:\\\/\\\/mortensen.cat\\\/en\\\/privacy-policy\\\/#breadcrumb\"},\"inLanguage\":\"en-US\",\"potentialAction\":[{\"@type\":\"ReadAction\",\"target\":[\"https:\\\/\\\/mortensen.cat\\\/en\\\/privacy-policy\\\/\"]}]},{\"@type\":\"BreadcrumbList\",\"@id\":\"https:\\\/\\\/mortensen.cat\\\/en\\\/privacy-policy\\\/#breadcrumb\",\"itemListElement\":[{\"@type\":\"ListItem\",\"position\":1,\"name\":\"Inici\",\"item\":\"https:\\\/\\\/mortensen.cat\\\/en\\\/\"},{\"@type\":\"ListItem\",\"position\":2,\"name\":\"Privacy policy\"}]},{\"@type\":\"WebSite\",\"@id\":\"https:\\\/\\\/mortensen.cat\\\/#website\",\"url\":\"https:\\\/\\\/mortensen.cat\\\/\",\"name\":\"Mortensen\",\"description\":\"Estudi creatiu de Barcelona especialitzat en la creaci\u00f3 experi\u00e8ncies digitals\",\"inLanguage\":\"en-US\"}]}<\/script>\n<!-- \/ Yoast SEO plugin. -->","yoast_head_json":{"title":"Privacy policy - Mortensen","robots":{"index":"index","follow":"follow","max-snippet":"max-snippet:-1","max-image-preview":"max-image-preview:large","max-video-preview":"max-video-preview:-1"},"canonical":"https:\/\/mortensen.cat\/en\/privacy-policy\/","og_locale":"en_US","og_type":"article","og_title":"Privacy policy - Mortensen","og_description":"&nbsp; INFORMACI\u00d3 B\u00c0SICA SOBRE PROTECCI\u00d3 DE DADES &nbsp; Responsable del tractament We are Mortensen SL (en endavant Mortensen) Finalitat Gesti\u00f3 de la web Enviament de comunicacions comercials i promocionals Elaboraci\u00f3 de perfils Legitimaci\u00f3 Consentiment de l\u2019interessat, a excepci\u00f3 de determinats sup\u00f2sits en els quals existeixi inter\u00e8s leg\u00edtim. Destinataris Les seves dades seran tractades exclusivament per &hellip; Continued","og_url":"https:\/\/mortensen.cat\/en\/privacy-policy\/","og_site_name":"Mortensen","article_publisher":"https:\/\/www.facebook.com\/wearemortensen","article_modified_time":"2020-05-15T16:23:49+00:00","twitter_card":"summary_large_image","twitter_site":"@Mortensen","twitter_misc":{"Est. reading time":"2 minutes"},"schema":{"@context":"https:\/\/schema.org","@graph":[{"@type":"WebPage","@id":"https:\/\/mortensen.cat\/en\/privacy-policy\/","url":"https:\/\/mortensen.cat\/en\/privacy-policy\/","name":"Privacy policy - Mortensen","isPartOf":{"@id":"https:\/\/mortensen.cat\/#website"},"datePublished":"2020-05-12T12:50:52+00:00","dateModified":"2020-05-15T16:23:49+00:00","breadcrumb":{"@id":"https:\/\/mortensen.cat\/en\/privacy-policy\/#breadcrumb"},"inLanguage":"en-US","potentialAction":[{"@type":"ReadAction","target":["https:\/\/mortensen.cat\/en\/privacy-policy\/"]}]},{"@type":"BreadcrumbList","@id":"https:\/\/mortensen.cat\/en\/privacy-policy\/#breadcrumb","itemListElement":[{"@type":"ListItem","position":1,"name":"Inici","item":"https:\/\/mortensen.cat\/en\/"},{"@type":"ListItem","position":2,"name":"Privacy policy"}]},{"@type":"WebSite","@id":"https:\/\/mortensen.cat\/#website","url":"https:\/\/mortensen.cat\/","name":"Mortensen","description":"Estudi creatiu de Barcelona especialitzat en la creaci\u00f3 experi\u00e8ncies digitals","inLanguage":"en-US"}]}},"_links":{"self":[{"href":"https:\/\/mortensen.cat\/en\/wp-json\/wp\/v2\/pages\/2658","targetHints":{"allow":["GET"]}}],"collection":[{"href":"https:\/\/mortensen.cat\/en\/wp-json\/wp\/v2\/pages"}],"about":[{"href":"https:\/\/mortensen.cat\/en\/wp-json\/wp\/v2\/types\/page"}],"author":[{"embeddable":true,"href":"https:\/\/mortensen.cat\/en\/wp-json\/wp\/v2\/users\/2"}],"replies":[{"embeddable":true,"href":"https:\/\/mortensen.cat\/en\/wp-json\/wp\/v2\/comments?post=2658"}],"version-history":[{"count":4,"href":"https:\/\/mortensen.cat\/en\/wp-json\/wp\/v2\/pages\/2658\/revisions"}],"predecessor-version":[{"id":2846,"href":"https:\/\/mortensen.cat\/en\/wp-json\/wp\/v2\/pages\/2658\/revisions\/2846"}],"wp:attachment":[{"href":"https:\/\/mortensen.cat\/en\/wp-json\/wp\/v2\/media?parent=2658"}],"curies":[{"name":"wp","href":"https:\/\/api.w.org\/{rel}","templated":true}]}}