{"id":2665,"date":"2018-02-21T14:36:23","date_gmt":"2018-02-21T12:36:23","guid":{"rendered":"http:\/\/mortensen.cat\/avis-legal\/"},"modified":"2020-05-12T19:08:57","modified_gmt":"2020-05-12T18:08:57","slug":"legal-notice","status":"publish","type":"page","link":"https:\/\/mortensen.cat\/en\/legal-notice\/","title":{"rendered":"Legal notice"},"content":{"rendered":"<p><strong>Identitat: <\/strong>We are Mortensen SL (en endavant Mortensen)<br \/>\n<strong>NIF: <\/strong>B64858962<br \/>\n<strong>Adre\u00e7a postal: <\/strong>Carrer de Torres i Amat 21, 3a planta &#8211; Barcelona 08001<br \/>\n<strong>e-mail: <\/strong><a href=\"mailto:hola@mortensen.cat\">hola@mortensen.cat<\/a><\/p>\n<p>Mortensen assumeix el comprom\u00eds de processar la informaci\u00f3 dels seus usuaris i clients amb\u00a0 plenes garanties i complir amb els requisits nacionals i europeus que regulen la recopilaci\u00f3 i l\u2019\u00fas de les dades personals dels seus usuaris.<\/p>\n<p>Aquesta web, per tant, compleix rigorosament amb La Llei Org\u00e0nica 15\/1999, de 13 de desembre, de Protecci\u00f3 de Dades de Car\u00e0cter Personal (LOPD), i amb Reial Decret 1720\/2007, de 21 de desembre, conegut com a Reglament de desenvolupament de la LOPD. Compleix tamb\u00e9 amb el Reglament (UE) 2016\/679 del Parlament Europeu i del Consell de 27 d\u2019abril de 2016 relatiu a la protecci\u00f3 de les persones f\u00edsiques (RGPD), aix\u00ed com amb la Llei\u00a0 34\/2002, de 11 de juliol, de Serveis de la Societat de la Informaci\u00f3 i Comer\u00e7 Electr\u00f2nic (LSSICE o LSSI).<\/p>\n<h5>Acc\u00e9s a la p\u00e0gina web<\/h5>\n<p>Els usuaris poden accedir de forma gratu\u00efta i lliure a la p\u00e0gina web.\u00a0 En el cas de productes o serveis que requereixin de cert pagament, Mortensen informar\u00e0 de les condicions particulars corresponents als usuaris.<\/p>\n<p>En general, l\u2019acc\u00e9s a la informaci\u00f3 i les utilitats d\u2019aquesta p\u00e0gina web no exigeix registre previ d\u2019usuari. No obstant aix\u00f2, els usuaris podran sol\u00b7licitar, emplenant els formularis corresponents, la recepci\u00f3 d\u2019informaci\u00f3 i publicitat sobre Mortensen (newsletter, per exemple). Els usuaris garanteixen que tota la informaci\u00f3 i les dades de car\u00e0cter personal facilitades en els formularis seran pr\u00f2pies i certes.\u00a0 Els usuaris seran els \u00fanics responsables de les manifestacions falses o inexactes que realitzin, i dels perjudicis que l\u2019\u00fas d\u2019aquesta informaci\u00f3 pugui ocasionar a Mortensen o a tercers. De la mateixa manera, els usuaris es comprometen a notificar a\u00a0 Mortensen qualsevol canvi que pugui produir-se, en relaci\u00f3 amb la informaci\u00f3 i les dades personals comunicades.<\/p>\n<p>Mortensen es reserva el dret a interrompre l\u2019acc\u00e9s a la seva p\u00e0gina web, en qualsevol moment i sense previ av\u00eds, ja sigui per motius de seguretat, control, manteniment, errors de subministrament el\u00e8ctric o per qualsevol altra causa. Aquesta interrupci\u00f3 podr\u00e0 tenir car\u00e0cter temporal o definitiu, en aquest cas es comunicar\u00e0 aquesta circumst\u00e0ncia als usuaris. Per tant, Mortensen no garanteix ni la fiabilitat, ni la disponibilitat ni la continu\u00eftat de la seva p\u00e0gina web, en el cas de presentar-se les causes anteriorment citades, i, per tant, en cap moment es podran exigir responsabilitats a Mortensen en aquest sentit.<\/p>\n<h5>\u00das de la p\u00e0gina web<\/h5>\n<p>La utilitzaci\u00f3 de la p\u00e0gina web de\u00a0 Mortensen per qualsevol persona li atribueix la condici\u00f3 d\u2019usuari, qui accepta que aquest \u00fas \u00e9s sota la seva exclusiva responsabilitat.<\/p>\n<p>Els usuaris es comprometen a utilitzar la informaci\u00f3, activitats, productes o serveis que Mortensen posa a la seva disposici\u00f3 en aquesta p\u00e0gina web conforme a les presents condicions generals i a la legalitat vigent, i, en qualsevol cas, es compromet a no utilitzar-los per activitats contr\u00e0ries a les lleis, a la moral o a l\u2019ordre p\u00fablic.<\/p>\n<p>Els Continguts de la p\u00e0gina web es posen a disposici\u00f3 dels usuaris per Mortensen com a informaci\u00f3 pr\u00f2pia o, si escau, de tercers. D\u2019aquesta manera, Mortensen posar\u00e0 els mitjans raonables a la seva disposici\u00f3 perqu\u00e8 els Continguts inclosos a la seva p\u00e0gina web siguin exactes i estiguin actualitzats.<\/p>\n<p>Pel que fa als menors d\u2019edat que desitgin fer \u00fas d\u2019aquesta p\u00e0gina web hauran de tenir el perm\u00eds del seus pares o tutors, que en qualsevol cas seran els responsables dels seus actes. No obstant aix\u00f2, Mortensen garanteix la protecci\u00f3 del menor pel que fa als Continguts dirigits especialment al p\u00fablic familiar.<\/p>\n<h5>Informaci\u00f3 sobre els vincles \u201clinks\u201d<\/h5>\n<p>Les p\u00e0gines d\u2019Internet de Mortensen poden contenir enlla\u00e7os (links) a altres p\u00e0gines de tercers. Por tant, aquesta no podr\u00e0 assumir responsabilitats pel contingut que pugui apar\u00e8ixer en p\u00e0gines de tercers. Qualsevol acte de transmissi\u00f3, distribuci\u00f3, cessi\u00f3, reproducci\u00f3, emmagatzematge o comunicaci\u00f3 p\u00fablica total o parcial, ha de comptar amb el consentiment expr\u00e9s de Mortensen.<\/p>\n<p>En compliment del que s\u2019estableix a l\u2019art.\u00a0 11 i 16 de la LSSICE Mortensen es posa a la disposici\u00f3 de tots els usuaris, autoritats i forces de seguretat, i col\u00b7labora de forma activa en la retirada o, quan esdevingui necessari, el bloqueig de tots aquells continguts que puguin afectar o contravenir la legislaci\u00f3 nacional, o internacional, els drets de tercers o la moral i l\u2019ordre p\u00fablic. En el sup\u00f2sit que l\u2019usuari consideri que pot existir algun contingut que pogu\u00e9s ser susceptible d\u2019aquesta classificaci\u00f3, es prega que ho notifiqui\u00a0 de forma immediata a l\u2019administrador de la web.<\/p>\n<h5>Ren\u00fancia i limitaci\u00f3 de la responsabilitat<\/h5>\n<p>Els usuaris respondran dels danys i perjudicis de qualsevol naturalesa que Mortensen o tercers puguin sofrir com a conseq\u00fc\u00e8ncia de l\u2019incompliment de qualsevol de les disposicions estipulades en aquest Av\u00eds Legal\u00a0 o, si escau, en les condicions de venda, pol\u00edtica de privacitat i la resta de condicions legals que siguin d\u2019aplicaci\u00f3.<\/p>\n<p>Mortensen no es responsabilitza dels danys i perjudicis produ\u00efts en els equips inform\u00e0tics dels usuaris o de tercers derivats de l\u2019acc\u00e9s a aquesta p\u00e0gina web, perqu\u00e8 aquest acc\u00e9s no suposa en cap cas l\u2019obligaci\u00f3 de Mortensen de controlar l\u2019abs\u00e8ncia de virus, cucs o qualsevol altre element inform\u00e0tic nociu.<\/p>\n<p>Mortensen no es responsabilitza dels continguts i serveis dels enlla\u00e7os, p\u00e0gines o sistemes de tercers connectats a aquesta p\u00e0gina web, i, per tant, no es responsabilitza dels danys produ\u00efts per la il\u00b7licitud, qualitat, desactualitzaci\u00f3, indisponibilitat, error o inutilitat dels mateixos.<\/p>\n<h5>Informaci\u00f3 relativa a la Propietat Intel\u00b7lectual i Industrial<\/h5>\n<p>Tots els continguts d\u2019aquesta p\u00e0gina web, entenent com a tal, i a t\u00edtol merament enunciatiu,\u00a0 els textos, fotografies, gr\u00e0fiques, imatges, icones, signes distintius o logotips, marques, noms comercials, tecnologia, programari, enlla\u00e7os i altres continguts audiovisuals o sonors, aix\u00ed com el seu disseny gr\u00e0fic i codis font\u00a0 (referits de forma abreujada com els Continguts), s\u00f3n propietat intel\u00b7lectual de Mortensen o, si escau, de tercers, excepte especificaci\u00f3 en cas contrari.<\/p>\n<p>Els usuaris hauran de respectar en tot moment tots els drets de propietat intel\u00b7lectual i industrial sobre aquesta p\u00e0gina web, de titularitat de Mortensen o de tercers.<\/p>\n<p>Queda expressament prohibida la reproducci\u00f3, transformaci\u00f3, distribuci\u00f3, comunicaci\u00f3 p\u00fablica, posada a disposici\u00f3, extracci\u00f3, reutilitzaci\u00f3, retransmissi\u00f3 o utilitzaci\u00f3 de qualsevol naturalesa, per qualsevol mitj\u00e0 o procediment, de qualsevol d\u2019aquests drets, excepte en els casos que estigui legalment perm\u00e8s, \u00e9s a dir, autoritzat pel titular dels corresponents drets. Per a la utilitzaci\u00f3 autoritzada dels Continguts d\u2019aquesta p\u00e0gina web, amb finalitats exclusivament informatives o pedag\u00f2giques, els usuaris poden dirigir-se a hola@mortensen.cat. No obstant aix\u00f2, els usuaris podran visualitzar i obtenir una c\u00f2pia privada temporal dels Continguts per al seu exclusiu \u00fas personal i privat en els seus sistemes inform\u00e0tics, sempre que no sigui amb la finalitat de desenvolupar\u00a0 activitats de car\u00e0cter comercial o professional o amb finalitats de distribuci\u00f3, modificaci\u00f3, alteraci\u00f3 o descompilaci\u00f3.<\/p>\n<h5>Protecci\u00f3 de dades personals<\/h5>\n<p>Les dades de car\u00e0cter personal rebudes dels usuaris seran tractades de manera confidencial, complint adequadament i en tot moment les disposicions contingudes en la Llei Org\u00e0nica 15\/1999, de 13 de desembre, de Protecci\u00f3 de Dades de Car\u00e0cter Personal (en endavant, la \u201cLOPD\u201d), aix\u00ed com en el Reial Decret 1720\/2007, de 21 de desembre, pel qual s\u2019aprova el Reglament de desenvolupament de la LOPD i a partir del 25 de maig de 2018, el Reglament (UE) 2016\/679 de 27 d\u2019abril de 2016, relatiu a la protecci\u00f3 de les persones f\u00edsiques pel que fa al tractament de dades personals i a lliure circulaci\u00f3 d\u2019aquestes dades i pel qual es deroga la Directiva 95\/46\/CE, i en qualsevol altres normes vigents o que en el futur es puguin promulgar sobre la mat\u00e8ria.<\/p>\n<p>Per a m\u00e9s informaci\u00f3, veure la nostra <a href=\"http:\/\/mortensen.cat\/en\/privacy-policy\/\">Pol\u00edtica de Privacitat<\/a>.<\/p>\n<h5>Legislaci\u00f3 aplicable i jurisdicci\u00f3<\/h5>\n<p>El present Av\u00eds Legal queda subjecte a la vigent legislaci\u00f3 espanyola aplicable. Per a la resoluci\u00f3 de qualsevol conflicte o litigi que pogu\u00e9s derivar-se de l\u2019acc\u00e9s a aquesta p\u00e0gina web, els usuaris i Mortensen es comprometen a sotmetre als jutjats que resultin competents.<\/p>\n","protected":false},"excerpt":{"rendered":"<p>Identitat: We are Mortensen SL (en endavant Mortensen) NIF: B64858962 Adre\u00e7a postal: Carrer de Torres i Amat 21, 3a planta &#8211; Barcelona 08001 e-mail: hola@mortensen.cat Mortensen assumeix el comprom\u00eds de processar la informaci\u00f3 dels seus usuaris i clients amb\u00a0 plenes garanties i complir amb els requisits nacionals i europeus que regulen la recopilaci\u00f3 i l\u2019\u00fas &hellip; <a href=\"https:\/\/mortensen.cat\/en\/legal-notice\/\">Continued<\/a><\/p>\n","protected":false},"author":2,"featured_media":0,"parent":0,"menu_order":0,"comment_status":"closed","ping_status":"closed","template":"","meta":{"_acf_changed":false,"footnotes":""},"class_list":["post-2665","page","type-page","status-publish","hentry"],"acf":[],"yoast_head":"<!-- This site is optimized with the Yoast SEO plugin v27.3 - https:\/\/yoast.com\/product\/yoast-seo-wordpress\/ -->\n<title>Legal notice - Mortensen<\/title>\n<meta name=\"robots\" content=\"index, follow, max-snippet:-1, max-image-preview:large, max-video-preview:-1\" \/>\n<link rel=\"canonical\" href=\"https:\/\/mortensen.cat\/en\/legal-notice\/\" \/>\n<meta property=\"og:locale\" content=\"en_US\" \/>\n<meta property=\"og:type\" content=\"article\" \/>\n<meta property=\"og:title\" content=\"Legal notice - Mortensen\" \/>\n<meta property=\"og:description\" content=\"Identitat: We are Mortensen SL (en endavant Mortensen) NIF: B64858962 Adre\u00e7a postal: Carrer de Torres i Amat 21, 3a planta &#8211; Barcelona 08001 e-mail: hola@mortensen.cat Mortensen assumeix el comprom\u00eds de processar la informaci\u00f3 dels seus usuaris i clients amb\u00a0 plenes garanties i complir amb els requisits nacionals i europeus que regulen la recopilaci\u00f3 i l\u2019\u00fas &hellip; Continued\" \/>\n<meta property=\"og:url\" content=\"https:\/\/mortensen.cat\/en\/legal-notice\/\" \/>\n<meta property=\"og:site_name\" content=\"Mortensen\" \/>\n<meta property=\"article:publisher\" content=\"https:\/\/www.facebook.com\/wearemortensen\" \/>\n<meta property=\"article:modified_time\" content=\"2020-05-12T18:08:57+00:00\" \/>\n<meta name=\"twitter:card\" content=\"summary_large_image\" \/>\n<meta name=\"twitter:site\" content=\"@Mortensen\" \/>\n<meta name=\"twitter:label1\" content=\"Est. reading time\" \/>\n\t<meta name=\"twitter:data1\" content=\"7 minutes\" \/>\n<script type=\"application\/ld+json\" class=\"yoast-schema-graph\">{\"@context\":\"https:\\\/\\\/schema.org\",\"@graph\":[{\"@type\":\"WebPage\",\"@id\":\"https:\\\/\\\/mortensen.cat\\\/en\\\/legal-notice\\\/\",\"url\":\"https:\\\/\\\/mortensen.cat\\\/en\\\/legal-notice\\\/\",\"name\":\"Legal notice - Mortensen\",\"isPartOf\":{\"@id\":\"https:\\\/\\\/mortensen.cat\\\/#website\"},\"datePublished\":\"2018-02-21T12:36:23+00:00\",\"dateModified\":\"2020-05-12T18:08:57+00:00\",\"breadcrumb\":{\"@id\":\"https:\\\/\\\/mortensen.cat\\\/en\\\/legal-notice\\\/#breadcrumb\"},\"inLanguage\":\"en-US\",\"potentialAction\":[{\"@type\":\"ReadAction\",\"target\":[\"https:\\\/\\\/mortensen.cat\\\/en\\\/legal-notice\\\/\"]}]},{\"@type\":\"BreadcrumbList\",\"@id\":\"https:\\\/\\\/mortensen.cat\\\/en\\\/legal-notice\\\/#breadcrumb\",\"itemListElement\":[{\"@type\":\"ListItem\",\"position\":1,\"name\":\"Inici\",\"item\":\"https:\\\/\\\/mortensen.cat\\\/en\\\/\"},{\"@type\":\"ListItem\",\"position\":2,\"name\":\"Legal notice\"}]},{\"@type\":\"WebSite\",\"@id\":\"https:\\\/\\\/mortensen.cat\\\/#website\",\"url\":\"https:\\\/\\\/mortensen.cat\\\/\",\"name\":\"Mortensen\",\"description\":\"Estudi creatiu de Barcelona especialitzat en la creaci\u00f3 experi\u00e8ncies digitals\",\"inLanguage\":\"en-US\"}]}<\/script>\n<!-- \/ Yoast SEO plugin. -->","yoast_head_json":{"title":"Legal notice - Mortensen","robots":{"index":"index","follow":"follow","max-snippet":"max-snippet:-1","max-image-preview":"max-image-preview:large","max-video-preview":"max-video-preview:-1"},"canonical":"https:\/\/mortensen.cat\/en\/legal-notice\/","og_locale":"en_US","og_type":"article","og_title":"Legal notice - Mortensen","og_description":"Identitat: We are Mortensen SL (en endavant Mortensen) NIF: B64858962 Adre\u00e7a postal: Carrer de Torres i Amat 21, 3a planta &#8211; Barcelona 08001 e-mail: hola@mortensen.cat Mortensen assumeix el comprom\u00eds de processar la informaci\u00f3 dels seus usuaris i clients amb\u00a0 plenes garanties i complir amb els requisits nacionals i europeus que regulen la recopilaci\u00f3 i l\u2019\u00fas &hellip; Continued","og_url":"https:\/\/mortensen.cat\/en\/legal-notice\/","og_site_name":"Mortensen","article_publisher":"https:\/\/www.facebook.com\/wearemortensen","article_modified_time":"2020-05-12T18:08:57+00:00","twitter_card":"summary_large_image","twitter_site":"@Mortensen","twitter_misc":{"Est. reading time":"7 minutes"},"schema":{"@context":"https:\/\/schema.org","@graph":[{"@type":"WebPage","@id":"https:\/\/mortensen.cat\/en\/legal-notice\/","url":"https:\/\/mortensen.cat\/en\/legal-notice\/","name":"Legal notice - Mortensen","isPartOf":{"@id":"https:\/\/mortensen.cat\/#website"},"datePublished":"2018-02-21T12:36:23+00:00","dateModified":"2020-05-12T18:08:57+00:00","breadcrumb":{"@id":"https:\/\/mortensen.cat\/en\/legal-notice\/#breadcrumb"},"inLanguage":"en-US","potentialAction":[{"@type":"ReadAction","target":["https:\/\/mortensen.cat\/en\/legal-notice\/"]}]},{"@type":"BreadcrumbList","@id":"https:\/\/mortensen.cat\/en\/legal-notice\/#breadcrumb","itemListElement":[{"@type":"ListItem","position":1,"name":"Inici","item":"https:\/\/mortensen.cat\/en\/"},{"@type":"ListItem","position":2,"name":"Legal notice"}]},{"@type":"WebSite","@id":"https:\/\/mortensen.cat\/#website","url":"https:\/\/mortensen.cat\/","name":"Mortensen","description":"Estudi creatiu de Barcelona especialitzat en la creaci\u00f3 experi\u00e8ncies digitals","inLanguage":"en-US"}]}},"_links":{"self":[{"href":"https:\/\/mortensen.cat\/en\/wp-json\/wp\/v2\/pages\/2665","targetHints":{"allow":["GET"]}}],"collection":[{"href":"https:\/\/mortensen.cat\/en\/wp-json\/wp\/v2\/pages"}],"about":[{"href":"https:\/\/mortensen.cat\/en\/wp-json\/wp\/v2\/types\/page"}],"author":[{"embeddable":true,"href":"https:\/\/mortensen.cat\/en\/wp-json\/wp\/v2\/users\/2"}],"replies":[{"embeddable":true,"href":"https:\/\/mortensen.cat\/en\/wp-json\/wp\/v2\/comments?post=2665"}],"version-history":[{"count":1,"href":"https:\/\/mortensen.cat\/en\/wp-json\/wp\/v2\/pages\/2665\/revisions"}],"predecessor-version":[{"id":2668,"href":"https:\/\/mortensen.cat\/en\/wp-json\/wp\/v2\/pages\/2665\/revisions\/2668"}],"wp:attachment":[{"href":"https:\/\/mortensen.cat\/en\/wp-json\/wp\/v2\/media?parent=2665"}],"curies":[{"name":"wp","href":"https:\/\/api.w.org\/{rel}","templated":true}]}}