{"id":2656,"date":"2020-05-12T18:46:37","date_gmt":"2020-05-12T17:46:37","guid":{"rendered":"http:\/\/mortensen.cat\/?page_id=2656"},"modified":"2020-05-15T17:23:17","modified_gmt":"2020-05-15T16:23:17","slug":"politica-de-privacidad","status":"publish","type":"page","link":"https:\/\/mortensen.cat\/es\/politica-de-privacidad\/","title":{"rendered":"Pol\u00edtica de privacidad"},"content":{"rendered":"<h4>INFORMACI\u00d3N B\u00c1SICA SOBRE PROTECCI\u00d3N DE DATOS<\/h4>\n<p>&nbsp;<\/p>\n<h5>Responsable del tratamiento<\/h5>\n<p>We are Mortensen SL (en adelante Mortensen)<\/p>\n<h5>Finalidad<\/h5>\n<ul>\n<li>Gesti\u00f3n de la web (consultas, contactos, etc)<\/li>\n<li>Env\u00edo de comunicaciones comerciales y promocionales<\/li>\n<li>Elaboraci\u00f3n de perfiles<\/li>\n<\/ul>\n<h5>Legitimaci\u00f3n<\/h5>\n<p>Consentimiento del interesado, a excepci\u00f3n de determinados supuestos en los que exista inter\u00e9s leg\u00edtimo<\/p>\n<h5>Destinatarios<\/h5>\n<p>Sus datos ser\u00e1n tratados exclusivamente por Mortensen, a excepci\u00f3n de aquellos casos en los que la comunicaci\u00f3n de sus datos a terceros sea necesaria para poder cumplimentar el fin directamente relacionado con la organizaci\u00f3n.<\/p>\n<h5>Conservaci\u00f3n de los datos<\/h5>\n<p>Hasta que exista obligaci\u00f3n legal<\/p>\n<h5>Derechos<\/h5>\n<ul>\n<li>Acceder, rectificar y suprimir los datos, as\u00ed como otros derechos, como se explica en la informaci\u00f3n adicional.<\/li>\n<li>Presentar una reclamaci\u00f3n ante Autoridad de Control (<a href=\"http:\/\/www.agpd.es\" target=\"_blank\" rel=\"noopener noreferrer\">www.agpd.es<\/a>).<\/li>\n<\/ul>\n<h4><\/h4>\n<h4>INFORMACI\u00d3N ADICIONAL SOBRE PROTECCI\u00d3N DE DATOS<\/h4>\n<h4><\/h4>\n<h4>\u00bfQui\u00e9n es el responsable de tratamiento de tus datos?<\/h4>\n<p><strong>Identidad<\/strong>: We are Mortensen SL<br \/>\n<strong>NIF<\/strong>: B64858962<br \/>\n<strong>Direcci\u00f3n postal<\/strong>: Carrer de Torres i Amat 21, 3a planta &#8211; Barcelona 08001<br \/>\n<strong>e-mail<\/strong>: hola@mortensen.cat<\/p>\n<p>&nbsp;<\/p>\n<h5>\u00bfCon que finalidad tratamos sus datos?<\/h5>\n<ul>\n<li>Gesti\u00f3n de la web (consultas, contactos, etc).<\/li>\n<li>Env\u00edo de comunicaciones comerciales y promocionales;<\/li>\n<li>Elaboraci\u00f3n de perfiles.<\/li>\n<\/ul>\n<h5>\u00bfCu\u00e1l es la legitimaci\u00f3n del tratamiento de sus datos?<\/h5>\n<p>Consentimiento del interesado, a excepci\u00f3n de determinados supuestos en los que exista inter\u00e9s leg\u00edtimo.<\/p>\n<h5>\u00bfA qu\u00e9 destinatarios comunicamos sus datos?<\/h5>\n<p>Sus datos ser\u00e1n tratados exclusivamente por Mortensen con la siguiente excepci\u00f3n: los datos que nos proporcione podr\u00e1n ser comunicados a terceras entidades para el cumplimiento de fines directamente relacionados con Mortensen, como a las entidades u organismos a los que exista obligaci\u00f3n legal. No se producir\u00e1n transferencias a terceros pa\u00edses fuera de la Uni\u00f3n Europea sin que medie su consentimiento.<\/p>\n<h5>\u00bfCu\u00e1nto tiempo conservamos sus datos personales?<\/h5>\n<p>Los datos personales que nos facilite se conservar\u00e1n mientras haya un inter\u00e9s mutuo para mantener la finalidad del tratamiento, o cuando sea necesario conservarlas por raz\u00f3n de obligaciones legales. Cuando la conservaci\u00f3n ya no sea necesaria, se suprimir\u00e1n con las medidas de Seguridad adecuadas para garantizar la seudonimizaci\u00f3n de los datos o su destrucci\u00f3n total.<\/p>\n<h5>\u00bfCu\u00e1les son sus derechos cuando nos facilita sus datos personales?<\/h5>\n<ul>\n<li>Derecho a retirar el consentimiento en cualquier momento;<\/li>\n<li>Derecho a acceder, rectificar y suprimir los datos;<\/li>\n<li>Derecho de limitaci\u00f3n del uso u oposici\u00f3n del tratamiento de datos;<\/li>\n<li>Derecho a presentar una reclamaci\u00f3n ante la Autoridad de Control (www.agpd.es), si considera que el tratamiento no se ajusta a la normativa vigente.<\/li>\n<\/ul>\n<p>Descargue todos los modelos de ejercicio de derechos <a href=\"http:\/\/mortensen.cat\/wp-content\/uploads\/2020\/05\/Modelo-ejercicio-de-derechos.pdf\" target=\"_blank\" rel=\"noopener noreferrer\">aqu\u00ed<\/a>.<\/p>\n<p>Env\u00eden el cuestionario a la siguiente direcci\u00f3n de correo: <a href=\"mailto:hola@mortensen.cat\" target=\"_blank\" rel=\"noopener noreferrer\">hola@mortensen.cat<\/a><\/p>\n","protected":false},"excerpt":{"rendered":"<p>INFORMACI\u00d3N B\u00c1SICA SOBRE PROTECCI\u00d3N DE DATOS &nbsp; Responsable del tratamiento We are Mortensen SL (en adelante Mortensen) Finalidad Gesti\u00f3n de la web (consultas, contactos, etc) Env\u00edo de comunicaciones comerciales y promocionales Elaboraci\u00f3n de perfiles Legitimaci\u00f3n Consentimiento del interesado, a excepci\u00f3n de determinados supuestos en los que exista inter\u00e9s leg\u00edtimo Destinatarios Sus datos ser\u00e1n tratados exclusivamente &hellip; <a href=\"https:\/\/mortensen.cat\/es\/politica-de-privacidad\/\">Continued<\/a><\/p>\n","protected":false},"author":2,"featured_media":0,"parent":0,"menu_order":0,"comment_status":"closed","ping_status":"closed","template":"","meta":{"_acf_changed":false,"footnotes":""},"class_list":["post-2656","page","type-page","status-publish","hentry"],"acf":[],"yoast_head":"<!-- This site is optimized with the Yoast SEO plugin v27.2 - https:\/\/yoast.com\/product\/yoast-seo-wordpress\/ -->\n<title>Pol\u00edtica de privacidad - Mortensen<\/title>\n<meta name=\"robots\" content=\"index, follow, max-snippet:-1, max-image-preview:large, max-video-preview:-1\" \/>\n<link rel=\"canonical\" href=\"https:\/\/mortensen.cat\/es\/politica-de-privacidad\/\" \/>\n<meta property=\"og:locale\" content=\"es_ES\" \/>\n<meta property=\"og:type\" content=\"article\" \/>\n<meta property=\"og:title\" content=\"Pol\u00edtica de privacidad - Mortensen\" \/>\n<meta property=\"og:description\" content=\"INFORMACI\u00d3N B\u00c1SICA SOBRE PROTECCI\u00d3N DE DATOS &nbsp; Responsable del tratamiento We are Mortensen SL (en adelante Mortensen) Finalidad Gesti\u00f3n de la web (consultas, contactos, etc) Env\u00edo de comunicaciones comerciales y promocionales Elaboraci\u00f3n de perfiles Legitimaci\u00f3n Consentimiento del interesado, a excepci\u00f3n de determinados supuestos en los que exista inter\u00e9s leg\u00edtimo Destinatarios Sus datos ser\u00e1n tratados exclusivamente &hellip; Continued\" \/>\n<meta property=\"og:url\" content=\"https:\/\/mortensen.cat\/es\/politica-de-privacidad\/\" \/>\n<meta property=\"og:site_name\" content=\"Mortensen\" \/>\n<meta property=\"article:publisher\" content=\"https:\/\/www.facebook.com\/wearemortensen\" \/>\n<meta property=\"article:modified_time\" content=\"2020-05-15T16:23:17+00:00\" \/>\n<meta name=\"twitter:card\" content=\"summary_large_image\" \/>\n<meta name=\"twitter:site\" content=\"@Mortensen\" \/>\n<meta name=\"twitter:label1\" content=\"Est. reading time\" \/>\n\t<meta name=\"twitter:data1\" content=\"2 minutes\" \/>\n<script type=\"application\/ld+json\" class=\"yoast-schema-graph\">{\"@context\":\"https:\/\/schema.org\",\"@graph\":[{\"@type\":\"WebPage\",\"@id\":\"https:\/\/mortensen.cat\/es\/politica-de-privacidad\/\",\"url\":\"https:\/\/mortensen.cat\/es\/politica-de-privacidad\/\",\"name\":\"Pol\u00edtica de privacidad - Mortensen\",\"isPartOf\":{\"@id\":\"https:\/\/mortensen.cat\/#website\"},\"datePublished\":\"2020-05-12T17:46:37+00:00\",\"dateModified\":\"2020-05-15T16:23:17+00:00\",\"breadcrumb\":{\"@id\":\"https:\/\/mortensen.cat\/es\/politica-de-privacidad\/#breadcrumb\"},\"inLanguage\":\"es-ES\",\"potentialAction\":[{\"@type\":\"ReadAction\",\"target\":[\"https:\/\/mortensen.cat\/es\/politica-de-privacidad\/\"]}]},{\"@type\":\"BreadcrumbList\",\"@id\":\"https:\/\/mortensen.cat\/es\/politica-de-privacidad\/#breadcrumb\",\"itemListElement\":[{\"@type\":\"ListItem\",\"position\":1,\"name\":\"Inici\",\"item\":\"https:\/\/mortensen.cat\/es\/\"},{\"@type\":\"ListItem\",\"position\":2,\"name\":\"Pol\u00edtica de privacidad\"}]},{\"@type\":\"WebSite\",\"@id\":\"https:\/\/mortensen.cat\/#website\",\"url\":\"https:\/\/mortensen.cat\/\",\"name\":\"Mortensen\",\"description\":\"Estudi creatiu de Barcelona especialitzat en la creaci\u00f3 experi\u00e8ncies digitals\",\"inLanguage\":\"es-ES\"}]}<\/script>\n<!-- \/ Yoast SEO plugin. -->","yoast_head_json":{"title":"Pol\u00edtica de privacidad - Mortensen","robots":{"index":"index","follow":"follow","max-snippet":"max-snippet:-1","max-image-preview":"max-image-preview:large","max-video-preview":"max-video-preview:-1"},"canonical":"https:\/\/mortensen.cat\/es\/politica-de-privacidad\/","og_locale":"es_ES","og_type":"article","og_title":"Pol\u00edtica de privacidad - Mortensen","og_description":"INFORMACI\u00d3N B\u00c1SICA SOBRE PROTECCI\u00d3N DE DATOS &nbsp; Responsable del tratamiento We are Mortensen SL (en adelante Mortensen) Finalidad Gesti\u00f3n de la web (consultas, contactos, etc) Env\u00edo de comunicaciones comerciales y promocionales Elaboraci\u00f3n de perfiles Legitimaci\u00f3n Consentimiento del interesado, a excepci\u00f3n de determinados supuestos en los que exista inter\u00e9s leg\u00edtimo Destinatarios Sus datos ser\u00e1n tratados exclusivamente &hellip; Continued","og_url":"https:\/\/mortensen.cat\/es\/politica-de-privacidad\/","og_site_name":"Mortensen","article_publisher":"https:\/\/www.facebook.com\/wearemortensen","article_modified_time":"2020-05-15T16:23:17+00:00","twitter_card":"summary_large_image","twitter_site":"@Mortensen","twitter_misc":{"Est. reading time":"2 minutes"},"schema":{"@context":"https:\/\/schema.org","@graph":[{"@type":"WebPage","@id":"https:\/\/mortensen.cat\/es\/politica-de-privacidad\/","url":"https:\/\/mortensen.cat\/es\/politica-de-privacidad\/","name":"Pol\u00edtica de privacidad - Mortensen","isPartOf":{"@id":"https:\/\/mortensen.cat\/#website"},"datePublished":"2020-05-12T17:46:37+00:00","dateModified":"2020-05-15T16:23:17+00:00","breadcrumb":{"@id":"https:\/\/mortensen.cat\/es\/politica-de-privacidad\/#breadcrumb"},"inLanguage":"es-ES","potentialAction":[{"@type":"ReadAction","target":["https:\/\/mortensen.cat\/es\/politica-de-privacidad\/"]}]},{"@type":"BreadcrumbList","@id":"https:\/\/mortensen.cat\/es\/politica-de-privacidad\/#breadcrumb","itemListElement":[{"@type":"ListItem","position":1,"name":"Inici","item":"https:\/\/mortensen.cat\/es\/"},{"@type":"ListItem","position":2,"name":"Pol\u00edtica de privacidad"}]},{"@type":"WebSite","@id":"https:\/\/mortensen.cat\/#website","url":"https:\/\/mortensen.cat\/","name":"Mortensen","description":"Estudi creatiu de Barcelona especialitzat en la creaci\u00f3 experi\u00e8ncies digitals","inLanguage":"es-ES"}]}},"_links":{"self":[{"href":"https:\/\/mortensen.cat\/es\/wp-json\/wp\/v2\/pages\/2656","targetHints":{"allow":["GET"]}}],"collection":[{"href":"https:\/\/mortensen.cat\/es\/wp-json\/wp\/v2\/pages"}],"about":[{"href":"https:\/\/mortensen.cat\/es\/wp-json\/wp\/v2\/types\/page"}],"author":[{"embeddable":true,"href":"https:\/\/mortensen.cat\/es\/wp-json\/wp\/v2\/users\/2"}],"replies":[{"embeddable":true,"href":"https:\/\/mortensen.cat\/es\/wp-json\/wp\/v2\/comments?post=2656"}],"version-history":[{"count":4,"href":"https:\/\/mortensen.cat\/es\/wp-json\/wp\/v2\/pages\/2656\/revisions"}],"predecessor-version":[{"id":2844,"href":"https:\/\/mortensen.cat\/es\/wp-json\/wp\/v2\/pages\/2656\/revisions\/2844"}],"wp:attachment":[{"href":"https:\/\/mortensen.cat\/es\/wp-json\/wp\/v2\/media?parent=2656"}],"curies":[{"name":"wp","href":"https:\/\/api.w.org\/{rel}","templated":true}]}}