{"id":2666,"date":"2020-05-12T19:08:18","date_gmt":"2020-05-12T18:08:18","guid":{"rendered":"http:\/\/mortensen.cat\/?page_id=2666"},"modified":"2020-05-12T19:08:18","modified_gmt":"2020-05-12T18:08:18","slug":"aviso-legal","status":"publish","type":"page","link":"https:\/\/mortensen.cat\/es\/aviso-legal\/","title":{"rendered":"Aviso legal"},"content":{"rendered":"<p><strong>Identidad:<\/strong> We are Mortensen SL (en adelante Mortensen)<br \/>\n<strong>NIF:<\/strong> B64858962<br \/>\n<strong>Direcci\u00f3n postal:<\/strong> Carrer de Torres i Amat 21, 3a planta &#8211; Barcelona 08001<br \/>\n<strong>e-mail<\/strong>: <a href=\"mailto:hola@mortensen.cat\">hola@mortensen.cat<\/a><\/p>\n<p>Mortensen asume el compromiso de procesar la informaci\u00f3n de sus usuarios y clientes con plenas garant\u00edas y cumplir con los requisitos nacionales y europeos que regulan la recopilaci\u00f3n y uso de los datos personales de sus usuarios.<\/p>\n<p>Esta web, por tanto, cumple rigurosamente con La Ley Org\u00e1nica 15\/1999, de 13 de diciembre, de Protecci\u00f3n de Datos de Car\u00e1cter Personal (LOPD), y con el Real Decreto 1720\/2007, de 21 de diciembre, conocido como el Reglamento de desarrollo de la LOPD. Cumple tambi\u00e9n con el Reglamento (UE) 2016\/679 del Parlamento Europeo y del Consejo de 27 de abril de 2016 relativo a la protecci\u00f3n de las personas f\u00edsicas (RGPD), as\u00ed como con la Ley 34\/2002, de 11 de julio, de Servicios de la Sociedad de la Informaci\u00f3n y Comercio Electr\u00f3nico (LSSICE o LSSI).<\/p>\n<h5>Acceso a la p\u00e1gina web<\/h5>\n<p>Los usuarios pueden acceder de forma gratuita y libre a la p\u00e1gina web. En el caso de productos o servicios que requieran cierto pago, Mortensen informar\u00e1 de las condiciones particulares correspondientes a los usuarios.<\/p>\n<p>En general, el acceso a la informaci\u00f3n y las utilidades de esta p\u00e1gina web no exige registro previo de usuario. No obstante, los usuarios podr\u00e1n solicitar, cumplimentando los formularios correspondientes, la recepci\u00f3n de informaci\u00f3n y publicidad sobre Mortensen (newsletter, por ejemplo). Los usuarios garantizan que toda la informaci\u00f3n y los datos de car\u00e1cter personal facilitados en los formularios ser\u00e1n propios y ciertos. Los usuarios ser\u00e1n los \u00fanicos responsables de las manifestaciones falsas o inexactas que realicen, y de los perjuicios que el uso de esta informaci\u00f3n pueda ocasionar a Mortensen o a terceros. De igual modo, los usuarios se comprometen a notificar Mortensen cualquier cambio que pueda producirse, en relaci\u00f3n con la informaci\u00f3n y los datos personales comunicados.<\/p>\n<p>Mortensen se reserva el derecho a interrumpir el acceso a su p\u00e1gina web, en cualquier momento y sin previo aviso, sea por motivos de seguridad, control, mantenimiento, errores de suministro el\u00e9ctrico o por cualquier otra causa. Esta interrupci\u00f3n podr\u00e1 tener car\u00e1cter temporal o definitivo, en cuyo caso se comunicar\u00e1 esta circunstancia a los usuarios. Por lo tanto, Mortensen no garantiza la fiabilidad, la disponibilidad ni la continuidad de su p\u00e1gina web, en el caso de presentarse las causas anteriormente citadas, por tanto, en ning\u00fan momento se podr\u00e1n exigir responsabilidades a Mortensen en este sentido.<\/p>\n<h5>Uso de la p\u00e1gina web<\/h5>\n<p>La utilizaci\u00f3n de la p\u00e1gina web de Mortensen por cualquier persona le atribuye la condici\u00f3n de usuario, quien acepta que ese uso es bajo su exclusiva responsabilidad.<\/p>\n<p>Los usuarios se comprometen a utilizar la informaci\u00f3n, actividades, productos o servicios que Mortensen pone a su disposici\u00f3n en esta p\u00e1gina web conforme a las presentes condiciones generales y a la legalidad vigente, y, en cualquier caso, se compromete a no utilizarlos para actividades contrarias a las leyes, a la moral o al orden p\u00fablico.<\/p>\n<p>Los Contenidos de la p\u00e1gina web son puestos a disposici\u00f3n de los usuarios por Mortensen como informaci\u00f3n propia o, en su caso, de terceros. De este modo, Mortensen pondr\u00e1 los medios razonables a su disposici\u00f3n para que los Contenidos incluidos a su p\u00e1gina web sean exactos y est\u00e9n actualizados.<\/p>\n<p>En cuanto a los menores de edad que deseen hacer uso de esta p\u00e1gina web deber\u00e1n tener el permiso de sus padres o tutores, que en cualquier caso ser\u00e1n los responsables de sus actos. No obstante, Mortensen garantiza la protecci\u00f3n del menor en cuanto a los Contenidos dirigidos especialmente al p\u00fablico familiar.<\/p>\n<h5>Informaci\u00f3n sobre los v\u00ednculos \u201clinks\u201d<\/h5>\n<p>Las p\u00e1ginas de Internet de Mortensen pueden contener enlaces (links) a otras p\u00e1ginas de terceros. Por lo tanto, \u00e9sta no podr\u00e1 asumir responsabilidades por el contenido que pueda aparecer en p\u00e1ginas de terceros. Cualquier acto de transmisi\u00f3n, distribuci\u00f3n, cesi\u00f3n, reproducci\u00f3n, almacenamiento o comunicaci\u00f3n p\u00fablica total o parcial, debe contar con el consentimiento expreso de Mortensen.<\/p>\n<p>En cumplimiento de lo dispuesto en el art. 11 y 16 de la LSSICE, Mortensen se pone a disposici\u00f3n de todos los usuarios, autoridades y fuerzas de seguridad, y colaborando de forma activa en la retirada o, cuando sea necesario, el bloqueo de todos aquellos contenidos que puedan afectar o contravenir la legislaci\u00f3n nacional, o internacional, derechos de terceros o la moral y el orden p\u00fablico. En caso de que el usuario considere que puede existir alg\u00fan contenido que pudiera ser susceptible de esta clasificaci\u00f3n, se ruega lo notifique de forma inmediata al administrador del sitio web.<\/p>\n<h5>Renuncia y limitaci\u00f3n de la responsabilidad<\/h5>\n<p>Los usuarios responder\u00e1n de los da\u00f1os y perjuicios de cualquier naturaleza que Mortensen o terceros puedan sufrir como consecuencia del incumplimiento de cualquiera de las disposiciones estipuladas en este Aviso Legal o en su caso, en las condiciones de venta, pol\u00edtica de privacidad y el resto de condiciones legales que sean de aplicaci\u00f3n.<\/p>\n<p>Mortensen no se responsabiliza de los da\u00f1os y perjuicios producidos en los equipos inform\u00e1ticos de los usuarios o de terceros derivados del acceso a esta p\u00e1gina web, porque este acceso no supone en ning\u00fan caso la obligaci\u00f3n de Mortensen de controlar la ausencia de virus, gusanos o cualquier otro elemento inform\u00e1tico da\u00f1ino.<\/p>\n<p>Mortensen no se responsabiliza de los contenidos y servicios de los enlaces, p\u00e1ginas o sistemas de terceros conectados a esta p\u00e1gina web y, por lo tanto, no se responsabiliza de los da\u00f1os producidos por la ilicitud, calidad, desactualizaci\u00f3n, indisponibilidad, error o inutilidad de los mismos.<\/p>\n<h5>Informaci\u00f3n relativa a la Propiedad Intelectual e Industrial<\/h5>\n<p>Todos los contenidos de esta p\u00e1gina web, entendiendo como tal, a t\u00edtulo meramente enunciativo los textos, fotograf\u00edas, gr\u00e1ficos, im\u00e1genes, iconos, signos distintivos o logotipos, marcas, nombres comerciales, tecnolog\u00eda, programario, enlaces y dem\u00e1s contenidos audiovisuales o sonoros, as\u00ed como su dise\u00f1o gr\u00e1fico y c\u00f3digos fuente (referidos de forma abreviada como los \u2018Contenidos\u2019), son propiedad intelectual de Mortensen o, en su caso, de terceros, salvo especificaci\u00f3n de lo contrario.<\/p>\n<p>Los usuarios deber\u00e1n respetar en todo momento todos los derechos de propiedad intelectual e industrial sobre esta p\u00e1gina web, de titularidad de Mortensen o de terceros.<\/p>\n<p>Queda expresamente prohibida la reproducci\u00f3n, transformaci\u00f3n, distribuci\u00f3n, comunicaci\u00f3n p\u00fablica, puesta a disposici\u00f3n, extracci\u00f3n, reutilizaci\u00f3n, retransmisi\u00f3n u utilizaci\u00f3n de cualquier naturaleza, por cualquier medio o procedimiento, de cualquiera de estos derechos, excepto en los casos que est\u00e9 legalmente permitido, es decir, autorizado por el titular de los correspondientes derechos. Para la utilizaci\u00f3n autorizada de los Contenidos de esta p\u00e1gina web, con finalidades exclusivamente informativas o pedag\u00f3gicas, los usuarios pueden dirigirse a hola@mortensen.cat. No obstante, los usuarios podr\u00e1n visualizar y obtener una copia privada temporal de los Contenidos para su exclusivo uso personal y privado en sus sistemas inform\u00e1ticos, siempre que no sea con la finalidad de desarrollar actividades de car\u00e1cter comercial o profesional o con finalidades de distribuci\u00f3n, modificaci\u00f3n, alteraci\u00f3n o descompilaci\u00f3n.<\/p>\n<h5>Protecci\u00f3n de datos personales<\/h5>\n<p>Los datos de car\u00e1cter personal recibidos de los usuarios ser\u00e1n tratados de modo confidencial, cumpliendo adecuadamente y en todo momento las disposiciones contenidas en la Ley Org\u00e1nica 15\/1999, de 13 de diciembre, de Protecci\u00f3n de Datos de Car\u00e1cter Personal (en adelante, la \u201cLOPD\u201d), as\u00ed como en el Real Decreto 1720\/2007, de 21 de diciembre, por el que se aprueba el Reglamento de desarrollo de la LOPD y a partir del 25 de mayo de 2018, el Reglamento (UE) 2016\/679 de 27 de abril de 2016, relativo a la protecci\u00f3n de las personas f\u00edsicas en cuanto al tratamiento de datos personales y a libre circulaci\u00f3n de estos datos y por el que se deroga la Directiva 95\/46\/CE, y en cualesquiera otras normas vigentes o que en el futuro puedan promulgarse sobre la materia.<\/p>\n<p>Para m\u00e1s informaci\u00f3n, ver nuestra <a href=\"http:\/\/mortensen.cat\/es\/politica-de-privacidad\/\">Pol\u00edtica de Privacidad<\/a>.<\/p>\n<p>El presente Aviso Legal queda sujeto a la vigente legislaci\u00f3n espa\u00f1ola aplicable. Para la resoluci\u00f3n de cualquier conflicto o litigio que pudiera derivarse del acceso a esta p\u00e1gina web, los usuarios y Mortensen se comprometen a someterse a los juzgados que resulten competentes.<\/p>\n","protected":false},"excerpt":{"rendered":"<p>Identidad: We are Mortensen SL (en adelante Mortensen) NIF: B64858962 Direcci\u00f3n postal: Carrer de Torres i Amat 21, 3a planta &#8211; Barcelona 08001 e-mail: hola@mortensen.cat Mortensen asume el compromiso de procesar la informaci\u00f3n de sus usuarios y clientes con plenas garant\u00edas y cumplir con los requisitos nacionales y europeos que regulan la recopilaci\u00f3n y uso &hellip; <a href=\"https:\/\/mortensen.cat\/es\/aviso-legal\/\">Continued<\/a><\/p>\n","protected":false},"author":2,"featured_media":0,"parent":0,"menu_order":0,"comment_status":"closed","ping_status":"closed","template":"","meta":{"_acf_changed":false,"footnotes":""},"class_list":["post-2666","page","type-page","status-publish","hentry"],"acf":[],"yoast_head":"<!-- This site is optimized with the Yoast SEO plugin v27.3 - https:\/\/yoast.com\/product\/yoast-seo-wordpress\/ -->\n<title>Aviso legal - Mortensen<\/title>\n<meta name=\"robots\" content=\"index, follow, max-snippet:-1, max-image-preview:large, max-video-preview:-1\" \/>\n<link rel=\"canonical\" href=\"https:\/\/mortensen.cat\/es\/aviso-legal\/\" \/>\n<meta property=\"og:locale\" content=\"es_ES\" \/>\n<meta property=\"og:type\" content=\"article\" \/>\n<meta property=\"og:title\" content=\"Aviso legal - Mortensen\" \/>\n<meta property=\"og:description\" content=\"Identidad: We are Mortensen SL (en adelante Mortensen) NIF: B64858962 Direcci\u00f3n postal: Carrer de Torres i Amat 21, 3a planta &#8211; Barcelona 08001 e-mail: hola@mortensen.cat Mortensen asume el compromiso de procesar la informaci\u00f3n de sus usuarios y clientes con plenas garant\u00edas y cumplir con los requisitos nacionales y europeos que regulan la recopilaci\u00f3n y uso &hellip; Continued\" \/>\n<meta property=\"og:url\" content=\"https:\/\/mortensen.cat\/es\/aviso-legal\/\" \/>\n<meta property=\"og:site_name\" content=\"Mortensen\" \/>\n<meta property=\"article:publisher\" content=\"https:\/\/www.facebook.com\/wearemortensen\" \/>\n<meta name=\"twitter:card\" content=\"summary_large_image\" \/>\n<meta name=\"twitter:site\" content=\"@Mortensen\" \/>\n<meta name=\"twitter:label1\" content=\"Est. reading time\" \/>\n\t<meta name=\"twitter:data1\" content=\"7 minutes\" \/>\n<script type=\"application\/ld+json\" class=\"yoast-schema-graph\">{\"@context\":\"https:\\\/\\\/schema.org\",\"@graph\":[{\"@type\":\"WebPage\",\"@id\":\"https:\\\/\\\/mortensen.cat\\\/es\\\/aviso-legal\\\/\",\"url\":\"https:\\\/\\\/mortensen.cat\\\/es\\\/aviso-legal\\\/\",\"name\":\"Aviso legal - Mortensen\",\"isPartOf\":{\"@id\":\"https:\\\/\\\/mortensen.cat\\\/#website\"},\"datePublished\":\"2020-05-12T18:08:18+00:00\",\"breadcrumb\":{\"@id\":\"https:\\\/\\\/mortensen.cat\\\/es\\\/aviso-legal\\\/#breadcrumb\"},\"inLanguage\":\"es-ES\",\"potentialAction\":[{\"@type\":\"ReadAction\",\"target\":[\"https:\\\/\\\/mortensen.cat\\\/es\\\/aviso-legal\\\/\"]}]},{\"@type\":\"BreadcrumbList\",\"@id\":\"https:\\\/\\\/mortensen.cat\\\/es\\\/aviso-legal\\\/#breadcrumb\",\"itemListElement\":[{\"@type\":\"ListItem\",\"position\":1,\"name\":\"Inici\",\"item\":\"https:\\\/\\\/mortensen.cat\\\/es\\\/\"},{\"@type\":\"ListItem\",\"position\":2,\"name\":\"Aviso legal\"}]},{\"@type\":\"WebSite\",\"@id\":\"https:\\\/\\\/mortensen.cat\\\/#website\",\"url\":\"https:\\\/\\\/mortensen.cat\\\/\",\"name\":\"Mortensen\",\"description\":\"Estudi creatiu de Barcelona especialitzat en la creaci\u00f3 experi\u00e8ncies digitals\",\"inLanguage\":\"es-ES\"}]}<\/script>\n<!-- \/ Yoast SEO plugin. -->","yoast_head_json":{"title":"Aviso legal - Mortensen","robots":{"index":"index","follow":"follow","max-snippet":"max-snippet:-1","max-image-preview":"max-image-preview:large","max-video-preview":"max-video-preview:-1"},"canonical":"https:\/\/mortensen.cat\/es\/aviso-legal\/","og_locale":"es_ES","og_type":"article","og_title":"Aviso legal - Mortensen","og_description":"Identidad: We are Mortensen SL (en adelante Mortensen) NIF: B64858962 Direcci\u00f3n postal: Carrer de Torres i Amat 21, 3a planta &#8211; Barcelona 08001 e-mail: hola@mortensen.cat Mortensen asume el compromiso de procesar la informaci\u00f3n de sus usuarios y clientes con plenas garant\u00edas y cumplir con los requisitos nacionales y europeos que regulan la recopilaci\u00f3n y uso &hellip; Continued","og_url":"https:\/\/mortensen.cat\/es\/aviso-legal\/","og_site_name":"Mortensen","article_publisher":"https:\/\/www.facebook.com\/wearemortensen","twitter_card":"summary_large_image","twitter_site":"@Mortensen","twitter_misc":{"Est. reading time":"7 minutes"},"schema":{"@context":"https:\/\/schema.org","@graph":[{"@type":"WebPage","@id":"https:\/\/mortensen.cat\/es\/aviso-legal\/","url":"https:\/\/mortensen.cat\/es\/aviso-legal\/","name":"Aviso legal - Mortensen","isPartOf":{"@id":"https:\/\/mortensen.cat\/#website"},"datePublished":"2020-05-12T18:08:18+00:00","breadcrumb":{"@id":"https:\/\/mortensen.cat\/es\/aviso-legal\/#breadcrumb"},"inLanguage":"es-ES","potentialAction":[{"@type":"ReadAction","target":["https:\/\/mortensen.cat\/es\/aviso-legal\/"]}]},{"@type":"BreadcrumbList","@id":"https:\/\/mortensen.cat\/es\/aviso-legal\/#breadcrumb","itemListElement":[{"@type":"ListItem","position":1,"name":"Inici","item":"https:\/\/mortensen.cat\/es\/"},{"@type":"ListItem","position":2,"name":"Aviso legal"}]},{"@type":"WebSite","@id":"https:\/\/mortensen.cat\/#website","url":"https:\/\/mortensen.cat\/","name":"Mortensen","description":"Estudi creatiu de Barcelona especialitzat en la creaci\u00f3 experi\u00e8ncies digitals","inLanguage":"es-ES"}]}},"_links":{"self":[{"href":"https:\/\/mortensen.cat\/es\/wp-json\/wp\/v2\/pages\/2666","targetHints":{"allow":["GET"]}}],"collection":[{"href":"https:\/\/mortensen.cat\/es\/wp-json\/wp\/v2\/pages"}],"about":[{"href":"https:\/\/mortensen.cat\/es\/wp-json\/wp\/v2\/types\/page"}],"author":[{"embeddable":true,"href":"https:\/\/mortensen.cat\/es\/wp-json\/wp\/v2\/users\/2"}],"replies":[{"embeddable":true,"href":"https:\/\/mortensen.cat\/es\/wp-json\/wp\/v2\/comments?post=2666"}],"version-history":[{"count":1,"href":"https:\/\/mortensen.cat\/es\/wp-json\/wp\/v2\/pages\/2666\/revisions"}],"predecessor-version":[{"id":2667,"href":"https:\/\/mortensen.cat\/es\/wp-json\/wp\/v2\/pages\/2666\/revisions\/2667"}],"wp:attachment":[{"href":"https:\/\/mortensen.cat\/es\/wp-json\/wp\/v2\/media?parent=2666"}],"curies":[{"name":"wp","href":"https:\/\/api.w.org\/{rel}","templated":true}]}}