{"id":69,"date":"2018-01-30T17:26:04","date_gmt":"2018-01-30T15:26:04","guid":{"rendered":"http:\/\/mortensen.localhost\/?page_id=69"},"modified":"2023-02-03T17:07:16","modified_gmt":"2023-02-03T16:07:16","slug":"portada","status":"publish","type":"page","link":"https:\/\/mortensen.cat\/es\/","title":{"rendered":"Portada"},"content":{"rendered":"","protected":false},"excerpt":{"rendered":"","protected":false},"author":2,"featured_media":0,"parent":0,"menu_order":12,"comment_status":"closed","ping_status":"open","template":"","meta":{"_acf_changed":false,"footnotes":""},"class_list":["post-69","page","type-page","status-publish","hentry"],"acf":[],"yoast_head":"<!-- This site is optimized with the Yoast SEO plugin v27.4 - https:\/\/yoast.com\/product\/yoast-seo-wordpress\/ -->\n<title>Mortensen - Estudio de dise\u00f1o digital de Barcelona<\/title>\n<meta name=\"description\" content=\"Especializado en la creaci\u00f3n de experiencias digitales para humanos. Dise\u00f1o y desarrollo web, contenidos y medios sociales, consultor\u00eda y estrategia.\" \/>\n<meta name=\"robots\" content=\"index, follow, max-snippet:-1, max-image-preview:large, max-video-preview:-1\" \/>\n<link rel=\"canonical\" href=\"https:\/\/mortensen.cat\/es\/\" \/>\n<meta property=\"og:locale\" content=\"es_ES\" \/>\n<meta property=\"og:type\" content=\"article\" \/>\n<meta property=\"og:title\" content=\"Mortensen - Estudio de dise\u00f1o digital de Barcelona\" \/>\n<meta property=\"og:description\" content=\"Especializado en la creaci\u00f3n de experiencias digitales para humanos. Dise\u00f1o y desarrollo web, contenidos y medios sociales, consultor\u00eda y estrategia.\" \/>\n<meta property=\"og:url\" content=\"https:\/\/mortensen.cat\/es\/\" \/>\n<meta property=\"og:site_name\" content=\"Mortensen\" \/>\n<meta property=\"article:publisher\" content=\"https:\/\/www.facebook.com\/wearemortensen\" \/>\n<meta property=\"article:modified_time\" content=\"2023-02-03T16:07:16+00:00\" \/>\n<meta name=\"twitter:card\" content=\"summary_large_image\" \/>\n<meta name=\"twitter:site\" content=\"@Mortensen\" \/>\n<script type=\"application\/ld+json\" class=\"yoast-schema-graph\">{\"@context\":\"https:\\\/\\\/schema.org\",\"@graph\":[{\"@type\":\"WebPage\",\"@id\":\"https:\\\/\\\/mortensen.cat\\\/es\\\/\",\"url\":\"https:\\\/\\\/mortensen.cat\\\/es\\\/\",\"name\":\"Mortensen - Estudio de dise\u00f1o digital de Barcelona\",\"isPartOf\":{\"@id\":\"https:\\\/\\\/mortensen.cat\\\/#website\"},\"datePublished\":\"2018-01-30T15:26:04+00:00\",\"dateModified\":\"2023-02-03T16:07:16+00:00\",\"description\":\"Especializado en la creaci\u00f3n de experiencias digitales para humanos. Dise\u00f1o y desarrollo web, contenidos y medios sociales, consultor\u00eda y estrategia.\",\"breadcrumb\":{\"@id\":\"https:\\\/\\\/mortensen.cat\\\/es\\\/#breadcrumb\"},\"inLanguage\":\"es-ES\",\"potentialAction\":[{\"@type\":\"ReadAction\",\"target\":[\"https:\\\/\\\/mortensen.cat\\\/es\\\/\"]}]},{\"@type\":\"BreadcrumbList\",\"@id\":\"https:\\\/\\\/mortensen.cat\\\/es\\\/#breadcrumb\",\"itemListElement\":[{\"@type\":\"ListItem\",\"position\":1,\"name\":\"Inici\",\"item\":\"https:\\\/\\\/mortensen.cat\\\/es\\\/\"},{\"@type\":\"ListItem\",\"position\":2,\"name\":\"Portada\"}]},{\"@type\":\"WebSite\",\"@id\":\"https:\\\/\\\/mortensen.cat\\\/#website\",\"url\":\"https:\\\/\\\/mortensen.cat\\\/\",\"name\":\"Mortensen\",\"description\":\"Estudi creatiu de Barcelona especialitzat en la creaci\u00f3 experi\u00e8ncies digitals\",\"inLanguage\":\"es-ES\"}]}<\/script>\n<!-- \/ Yoast SEO plugin. -->","yoast_head_json":{"title":"Mortensen - Estudio de dise\u00f1o digital de Barcelona","description":"Especializado en la creaci\u00f3n de experiencias digitales para humanos. Dise\u00f1o y desarrollo web, contenidos y medios sociales, consultor\u00eda y estrategia.","robots":{"index":"index","follow":"follow","max-snippet":"max-snippet:-1","max-image-preview":"max-image-preview:large","max-video-preview":"max-video-preview:-1"},"canonical":"https:\/\/mortensen.cat\/es\/","og_locale":"es_ES","og_type":"article","og_title":"Mortensen - Estudio de dise\u00f1o digital de Barcelona","og_description":"Especializado en la creaci\u00f3n de experiencias digitales para humanos. Dise\u00f1o y desarrollo web, contenidos y medios sociales, consultor\u00eda y estrategia.","og_url":"https:\/\/mortensen.cat\/es\/","og_site_name":"Mortensen","article_publisher":"https:\/\/www.facebook.com\/wearemortensen","article_modified_time":"2023-02-03T16:07:16+00:00","twitter_card":"summary_large_image","twitter_site":"@Mortensen","schema":{"@context":"https:\/\/schema.org","@graph":[{"@type":"WebPage","@id":"https:\/\/mortensen.cat\/es\/","url":"https:\/\/mortensen.cat\/es\/","name":"Mortensen - Estudio de dise\u00f1o digital de Barcelona","isPartOf":{"@id":"https:\/\/mortensen.cat\/#website"},"datePublished":"2018-01-30T15:26:04+00:00","dateModified":"2023-02-03T16:07:16+00:00","description":"Especializado en la creaci\u00f3n de experiencias digitales para humanos. Dise\u00f1o y desarrollo web, contenidos y medios sociales, consultor\u00eda y estrategia.","breadcrumb":{"@id":"https:\/\/mortensen.cat\/es\/#breadcrumb"},"inLanguage":"es-ES","potentialAction":[{"@type":"ReadAction","target":["https:\/\/mortensen.cat\/es\/"]}]},{"@type":"BreadcrumbList","@id":"https:\/\/mortensen.cat\/es\/#breadcrumb","itemListElement":[{"@type":"ListItem","position":1,"name":"Inici","item":"https:\/\/mortensen.cat\/es\/"},{"@type":"ListItem","position":2,"name":"Portada"}]},{"@type":"WebSite","@id":"https:\/\/mortensen.cat\/#website","url":"https:\/\/mortensen.cat\/","name":"Mortensen","description":"Estudi creatiu de Barcelona especialitzat en la creaci\u00f3 experi\u00e8ncies digitals","inLanguage":"es-ES"}]}},"_links":{"self":[{"href":"https:\/\/mortensen.cat\/es\/wp-json\/wp\/v2\/pages\/69","targetHints":{"allow":["GET"]}}],"collection":[{"href":"https:\/\/mortensen.cat\/es\/wp-json\/wp\/v2\/pages"}],"about":[{"href":"https:\/\/mortensen.cat\/es\/wp-json\/wp\/v2\/types\/page"}],"author":[{"embeddable":true,"href":"https:\/\/mortensen.cat\/es\/wp-json\/wp\/v2\/users\/2"}],"replies":[{"embeddable":true,"href":"https:\/\/mortensen.cat\/es\/wp-json\/wp\/v2\/comments?post=69"}],"version-history":[{"count":5,"href":"https:\/\/mortensen.cat\/es\/wp-json\/wp\/v2\/pages\/69\/revisions"}],"predecessor-version":[{"id":4711,"href":"https:\/\/mortensen.cat\/es\/wp-json\/wp\/v2\/pages\/69\/revisions\/4711"}],"wp:attachment":[{"href":"https:\/\/mortensen.cat\/es\/wp-json\/wp\/v2\/media?parent=69"}],"curies":[{"name":"wp","href":"https:\/\/api.w.org\/{rel}","templated":true}]}}